{"id":25,"date":"2025-09-03T17:50:14","date_gmt":"2025-09-03T15:50:14","guid":{"rendered":"https:\/\/pharmaciegibault.fr\/blog\/?page_id=25"},"modified":"2025-09-03T17:54:22","modified_gmt":"2025-09-03T15:54:22","slug":"mentions-legales","status":"publish","type":"page","link":"https:\/\/pharmaciegibault.fr\/blog\/mentions-legales\/","title":{"rendered":"Mentions L\u00e9gales"},"content":{"rendered":"\n<p><\/p>\n\n\n\n<h2 class=\"wp-block-heading\" id=\"hbergement\">H\u00c9BERGEMENT<\/h2>\n\n\n\n<p><strong>H\u00e9bergeur :<\/strong>\u00a0Hetzner Online GmbH<br><strong>Adresse :<\/strong>\u00a0Industriestr. 25, 91710 Gunzenhausen, Allemagne<br><strong>Site web :<\/strong>\u00a0www.hetzner.com<\/p>\n\n\n\n<h2 class=\"wp-block-heading\" id=\"proprit-intellectuelle\">PROPRI\u00c9T\u00c9 INTELLECTUELLE<\/h2>\n\n\n\n<p>L&rsquo;ensemble de ce site rel\u00e8ve de la l\u00e9gislation fran\u00e7aise et internationale sur le droit d&rsquo;auteur et la propri\u00e9t\u00e9 intellectuelle. Tous les droits de reproduction sont r\u00e9serv\u00e9s, y compris pour les documents t\u00e9l\u00e9chargeables et les repr\u00e9sentations iconographiques et photographiques.<\/p>\n\n\n\n<p>La reproduction de tout ou partie de ce site sur un support \u00e9lectronique quel qu&rsquo;il soit est formellement interdite sauf autorisation expresse du directeur de la publication.<\/p>\n\n\n\n<h2 class=\"wp-block-heading\" id=\"protection-des-donnes-personnelles\">PROTECTION DES DONN\u00c9ES PERSONNELLES<\/h2>\n\n\n\n<p>Conform\u00e9ment au R\u00e8glement G\u00e9n\u00e9ral sur la Protection des Donn\u00e9es (RGPD) et \u00e0 la loi \u00ab\u00a0Informatique et Libert\u00e9s\u00a0\u00bb du 6 janvier 1978 modifi\u00e9e, vous disposez d&rsquo;un droit d&rsquo;acc\u00e8s, de rectification, de portabilit\u00e9 et d&rsquo;effacement de vos donn\u00e9es personnelles.<\/p>\n\n\n\n<p><strong>Dur\u00e9e de conservation :<\/strong>&nbsp;Les donn\u00e9es sont conserv\u00e9es pendant la dur\u00e9e n\u00e9cessaire aux finalit\u00e9s pour lesquelles elles sont collect\u00e9es.<\/p>\n\n\n\n<p>Pour exercer vos droits, contactez-nous \u00e0 : contact@pharmaciegibault.fr<\/p>\n\n\n\n<h2 class=\"wp-block-heading\" id=\"cookies\">COOKIES<\/h2>\n\n\n\n<p>Ce site utilise des cookies pour am\u00e9liorer l&rsquo;exp\u00e9rience utilisateur et r\u00e9aliser des statistiques de visite. Vous pouvez configurer vos pr\u00e9f\u00e9rences concernant les cookies via notre bandeau de consentement.<\/p>\n\n\n\n<h2 class=\"wp-block-heading\" id=\"activit-rglemente\">ACTIVIT\u00c9 R\u00c8GLEMENT\u00c9E<\/h2>\n\n\n\n<p>La vente de m\u00e9dicaments en ligne est r\u00e9glement\u00e9e. Cette pharmacie est autoris\u00e9e \u00e0 vendre des m\u00e9dicaments sans ordonnance en ligne conform\u00e9ment aux articles L.5125-33 \u00e0 L.5125-41 du Code de la Sant\u00e9 Publique.<\/p>\n\n\n\n<h2 class=\"wp-block-heading\" id=\"droit-applicable-et-juridiction\">DROIT APPLICABLE ET JURIDICTION<\/h2>\n\n\n\n<p>Les pr\u00e9sentes mentions l\u00e9gales sont soumises au droit fran\u00e7ais. En cas de litige, les tribunaux fran\u00e7ais seront seuls comp\u00e9tents.<\/p>\n","protected":false},"excerpt":{"rendered":"<p>H\u00c9BERGEMENT H\u00e9bergeur :\u00a0Hetzner Online GmbHAdresse :\u00a0Industriestr. 25, 91710 Gunzenhausen, AllemagneSite web :\u00a0www.hetzner.com PROPRI\u00c9T\u00c9 INTELLECTUELLE L&rsquo;ensemble de ce site rel\u00e8ve de la l\u00e9gislation fran\u00e7aise et internationale &hellip; <\/p>\n","protected":false},"author":1,"featured_media":0,"parent":0,"menu_order":0,"comment_status":"closed","ping_status":"closed","template":"","meta":{"footnotes":""},"class_list":["post-25","page","type-page","status-publish","hentry"],"_links":{"self":[{"href":"https:\/\/pharmaciegibault.fr\/blog\/wp-json\/wp\/v2\/pages\/25","targetHints":{"allow":["GET"]}}],"collection":[{"href":"https:\/\/pharmaciegibault.fr\/blog\/wp-json\/wp\/v2\/pages"}],"about":[{"href":"https:\/\/pharmaciegibault.fr\/blog\/wp-json\/wp\/v2\/types\/page"}],"author":[{"embeddable":true,"href":"https:\/\/pharmaciegibault.fr\/blog\/wp-json\/wp\/v2\/users\/1"}],"replies":[{"embeddable":true,"href":"https:\/\/pharmaciegibault.fr\/blog\/wp-json\/wp\/v2\/comments?post=25"}],"version-history":[{"count":0,"href":"https:\/\/pharmaciegibault.fr\/blog\/wp-json\/wp\/v2\/pages\/25\/revisions"}],"wp:attachment":[{"href":"https:\/\/pharmaciegibault.fr\/blog\/wp-json\/wp\/v2\/media?parent=25"}],"curies":[{"name":"wp","href":"https:\/\/api.w.org\/{rel}","templated":true}]}}